{"id":1370,"date":"2021-11-22T11:31:23","date_gmt":"2021-11-22T11:31:23","guid":{"rendered":"https:\/\/www.foreo.com\/fr\/blog\/?page_id=1370"},"modified":"2022-02-01T13:54:18","modified_gmt":"2022-02-01T13:54:18","slug":"contacter-blog-foreo","status":"publish","type":"page","link":"https:\/\/www.foreo.com\/fr\/blog\/contacter-blog-foreo\/","title":{"rendered":"Contacter l&rsquo;\u00c9quipe du Blog de FOREO"},"content":{"rendered":"<p>Est-ce qu&rsquo;il y a des sujets que vous aimeriez lire ? Auriez-vous des suggestions \u00e0 nous soumettre ?<\/p>\n<p>N&rsquo;h\u00e9sitez pas \u00e0 nous contacter pour nous donner vos id\u00e9es.<\/p>\n\n<div class=\"wpcf7 no-js\" id=\"wpcf7-f157-o1\" lang=\"fr-FR\" dir=\"ltr\">\n<div class=\"screen-reader-response\"><p role=\"status\" aria-live=\"polite\" aria-atomic=\"true\"><\/p> <ul><\/ul><\/div>\n<form action=\"\/fr\/blog\/wp-json\/wp\/v2\/pages\/1370#wpcf7-f157-o1\" method=\"post\" class=\"wpcf7-form init\" aria-label=\"Formulaire de contact\" novalidate=\"novalidate\" data-status=\"init\">\n<div style=\"display: none;\">\n<input type=\"hidden\" name=\"_wpcf7\" value=\"157\" \/>\n<input type=\"hidden\" name=\"_wpcf7_version\" value=\"5.7.6\" \/>\n<input type=\"hidden\" name=\"_wpcf7_locale\" value=\"fr_FR\" \/>\n<input type=\"hidden\" name=\"_wpcf7_unit_tag\" value=\"wpcf7-f157-o1\" \/>\n<input type=\"hidden\" name=\"_wpcf7_container_post\" value=\"0\" \/>\n<input type=\"hidden\" name=\"_wpcf7_posted_data_hash\" value=\"\" \/>\n<\/div>\n<p><label> Votre nom<br \/>\n<span class=\"wpcf7-form-control-wrap\" data-name=\"your-name\"><input size=\"40\" class=\"wpcf7-form-control wpcf7-text wpcf7-validates-as-required\" aria-required=\"true\" aria-invalid=\"false\" value=\"\" type=\"text\" name=\"your-name\" \/><\/span> <\/label>\n<\/p>\n<p><label> Votre e-mail<br \/>\n<span class=\"wpcf7-form-control-wrap\" data-name=\"your-email\"><input size=\"40\" class=\"wpcf7-form-control wpcf7-text wpcf7-email wpcf7-validates-as-required wpcf7-validates-as-email\" aria-required=\"true\" aria-invalid=\"false\" value=\"\" type=\"email\" name=\"your-email\" \/><\/span> <\/label>\n<\/p>\n<p><label> Objet<br \/>\n<span class=\"wpcf7-form-control-wrap\" data-name=\"your-subject\"><input size=\"40\" class=\"wpcf7-form-control wpcf7-text wpcf7-validates-as-required\" aria-required=\"true\" aria-invalid=\"false\" value=\"\" type=\"text\" name=\"your-subject\" \/><\/span> <\/label>\n<\/p>\n<p><label> Votre message<br \/>\n<span class=\"wpcf7-form-control-wrap\" data-name=\"your-message\"><textarea cols=\"40\" rows=\"10\" class=\"wpcf7-form-control wpcf7-textarea wpcf7-validates-as-required\" aria-required=\"true\" aria-invalid=\"false\" name=\"your-message\"><\/textarea><\/span> <\/label>\n<\/p>\n<p><span id=\"wpcf7-6a0674787d636-wrapper\" class=\"wpcf7-form-control-wrap Cocherlacase-wrap\" style=\"display:none !important; visibility:hidden !important;\"><label for=\"wpcf7-6a0674787d636-field\" class=\"hp-message\">Veuillez laisser ce champ vide.<\/label><input id=\"wpcf7-6a0674787d636-field\"  class=\"wpcf7-form-control wpcf7-text\" type=\"text\" name=\"Cocherlacase\" value=\"\" size=\"40\" tabindex=\"-1\" autocomplete=\"new-password\" \/><\/span>\n<\/p>\n<p><input class=\"wpcf7-form-control has-spinner wpcf7-submit\" type=\"submit\" value=\"Envoyer\" \/>\n<\/p><div class=\"fusion-alert alert custom alert-custom fusion-alert-center wpcf7-response-output alert-dismissable\" role=\"alert\" style=\"border-width:1px;\"><div class=\"fusion-alert-content-wrapper\"><span class=\"fusion-alert-content\"><\/span><\/div><button type=\"button\" class=\"close toggle-alert\" data-dismiss=\"alert\" aria-label=\"Close\">&times;<\/button><\/div>\n<\/form>\n<\/div>\n\n","protected":false},"excerpt":{"rendered":"<p>Est-ce qu&rsquo;il y a des sujets que vous aimeriez lire ? Auriez-vous des suggestions \u00e0 nous soumettre ? N&rsquo;h\u00e9sitez pas \u00e0 nous contacter pour nous donner vos id\u00e9es.<\/p>\n","protected":false},"author":1,"featured_media":0,"parent":0,"menu_order":0,"comment_status":"closed","ping_status":"closed","template":"","meta":{"footnotes":""},"class_list":["post-1370","page","type-page","status-publish","hentry"],"yoast_head":"<!-- This site is optimized with the Yoast SEO plugin v20.6 - https:\/\/yoast.com\/wordpress\/plugins\/seo\/ -->\n<title>Contacter l&#039;\u00c9quipe du Blog de FOREO - MYSA<\/title>\n<meta name=\"robots\" content=\"index, follow, max-snippet:-1, max-image-preview:large, max-video-preview:-1\" \/>\n<link rel=\"canonical\" href=\"https:\/\/www.foreo.com\/fr\/blog\/contacter-blog-foreo\/\" \/>\n<meta property=\"og:locale\" content=\"fr_FR\" \/>\n<meta property=\"og:type\" content=\"article\" \/>\n<meta property=\"og:title\" content=\"Contacter l&#039;\u00c9quipe du Blog de FOREO - MYSA\" \/>\n<meta property=\"og:description\" content=\"Est-ce qu&rsquo;il y a des sujets que vous aimeriez lire ? Auriez-vous des suggestions \u00e0 nous soumettre ? N&rsquo;h\u00e9sitez pas \u00e0 nous contacter pour nous donner vos id\u00e9es.\" \/>\n<meta property=\"og:url\" content=\"https:\/\/www.foreo.com\/fr\/blog\/contacter-blog-foreo\/\" \/>\n<meta property=\"og:site_name\" content=\"MYSA\" \/>\n<meta property=\"article:publisher\" content=\"https:\/\/www.facebook.com\/FOREOFrance\/\" \/>\n<meta property=\"article:modified_time\" content=\"2022-02-01T13:54:18+00:00\" \/>\n<meta property=\"og:image\" content=\"https:\/\/www.foreo.com\/fr\/blog\/wp-content\/uploads\/2022\/02\/mysa-logo-w-quote-france-re\u0301seaux-sociaux.jpg\" \/>\n\t<meta property=\"og:image:width\" content=\"2500\" \/>\n\t<meta property=\"og:image:height\" content=\"1312\" \/>\n\t<meta property=\"og:image:type\" content=\"image\/jpeg\" \/>\n<meta name=\"twitter:card\" content=\"summary_large_image\" \/>\n<meta name=\"twitter:label1\" content=\"Dur\u00e9e de lecture estim\u00e9e\" \/>\n\t<meta name=\"twitter:data1\" content=\"1 minute\" \/>\n<script type=\"application\/ld+json\" class=\"yoast-schema-graph\">{\"@context\":\"https:\/\/schema.org\",\"@graph\":[{\"@type\":\"WebPage\",\"@id\":\"https:\/\/www.foreo.com\/fr\/blog\/contacter-blog-foreo\/\",\"url\":\"https:\/\/www.foreo.com\/fr\/blog\/contacter-blog-foreo\/\",\"name\":\"Contacter l'\u00c9quipe du Blog de FOREO - MYSA\",\"isPartOf\":{\"@id\":\"https:\/\/www.foreo.com\/fr\/blog\/#website\"},\"datePublished\":\"2021-11-22T11:31:23+00:00\",\"dateModified\":\"2022-02-01T13:54:18+00:00\",\"breadcrumb\":{\"@id\":\"https:\/\/www.foreo.com\/fr\/blog\/contacter-blog-foreo\/#breadcrumb\"},\"inLanguage\":\"fr-FR\",\"potentialAction\":[{\"@type\":\"ReadAction\",\"target\":[\"https:\/\/www.foreo.com\/fr\/blog\/contacter-blog-foreo\/\"]}]},{\"@type\":\"BreadcrumbList\",\"@id\":\"https:\/\/www.foreo.com\/fr\/blog\/contacter-blog-foreo\/#breadcrumb\",\"itemListElement\":[{\"@type\":\"ListItem\",\"position\":1,\"name\":\"BLOG\",\"item\":\"https:\/\/www.foreo.com\/fr\/blog\/\"},{\"@type\":\"ListItem\",\"position\":2,\"name\":\"Contacter l&rsquo;\u00c9quipe du Blog de FOREO\"}]},{\"@type\":\"WebSite\",\"@id\":\"https:\/\/www.foreo.com\/fr\/blog\/#website\",\"url\":\"https:\/\/www.foreo.com\/fr\/blog\/\",\"name\":\"MYSA\",\"description\":\"Le Blog de FOREO\",\"publisher\":{\"@id\":\"https:\/\/www.foreo.com\/fr\/blog\/#organization\"},\"potentialAction\":[{\"@type\":\"SearchAction\",\"target\":{\"@type\":\"EntryPoint\",\"urlTemplate\":\"https:\/\/www.foreo.com\/fr\/blog\/?s={search_term_string}\"},\"query-input\":\"required name=search_term_string\"}],\"inLanguage\":\"fr-FR\"},{\"@type\":\"Organization\",\"@id\":\"https:\/\/www.foreo.com\/fr\/blog\/#organization\",\"name\":\"MYSA de FOREO\",\"url\":\"https:\/\/www.foreo.com\/fr\/blog\/\",\"logo\":{\"@type\":\"ImageObject\",\"inLanguage\":\"fr-FR\",\"@id\":\"https:\/\/www.foreo.com\/fr\/blog\/#\/schema\/logo\/image\/\",\"url\":\"https:\/\/www.foreo.com\/fr\/blog\/wp-content\/uploads\/2022\/02\/mysa-logo-w-quote-france-re\u0301seaux-sociaux.jpg\",\"contentUrl\":\"https:\/\/www.foreo.com\/fr\/blog\/wp-content\/uploads\/2022\/02\/mysa-logo-w-quote-france-re\u0301seaux-sociaux.jpg\",\"width\":2500,\"height\":1312,\"caption\":\"MYSA de FOREO\"},\"image\":{\"@id\":\"https:\/\/www.foreo.com\/fr\/blog\/#\/schema\/logo\/image\/\"},\"sameAs\":[\"https:\/\/www.facebook.com\/FOREOFrance\/\",\"https:\/\/www.instagram.com\/foreo_france\/\",\"https:\/\/www.youtube.com\/playlist?list=PLvV6UceMUecxDg_AKB3YXDjmkeASETQcw\"]}]}<\/script>\n<!-- \/ Yoast SEO plugin. -->","yoast_head_json":{"title":"Contacter l'\u00c9quipe du Blog de FOREO - MYSA","robots":{"index":"index","follow":"follow","max-snippet":"max-snippet:-1","max-image-preview":"max-image-preview:large","max-video-preview":"max-video-preview:-1"},"canonical":"https:\/\/www.foreo.com\/fr\/blog\/contacter-blog-foreo\/","og_locale":"fr_FR","og_type":"article","og_title":"Contacter l'\u00c9quipe du Blog de FOREO - MYSA","og_description":"Est-ce qu&rsquo;il y a des sujets que vous aimeriez lire ? Auriez-vous des suggestions \u00e0 nous soumettre ? N&rsquo;h\u00e9sitez pas \u00e0 nous contacter pour nous donner vos id\u00e9es.","og_url":"https:\/\/www.foreo.com\/fr\/blog\/contacter-blog-foreo\/","og_site_name":"MYSA","article_publisher":"https:\/\/www.facebook.com\/FOREOFrance\/","article_modified_time":"2022-02-01T13:54:18+00:00","og_image":[{"width":2500,"height":1312,"url":"https:\/\/www.foreo.com\/fr\/blog\/wp-content\/uploads\/2022\/02\/mysa-logo-w-quote-france-re\u0301seaux-sociaux.jpg","type":"image\/jpeg"}],"twitter_card":"summary_large_image","twitter_misc":{"Dur\u00e9e de lecture estim\u00e9e":"1 minute"},"schema":{"@context":"https:\/\/schema.org","@graph":[{"@type":"WebPage","@id":"https:\/\/www.foreo.com\/fr\/blog\/contacter-blog-foreo\/","url":"https:\/\/www.foreo.com\/fr\/blog\/contacter-blog-foreo\/","name":"Contacter l'\u00c9quipe du Blog de FOREO - MYSA","isPartOf":{"@id":"https:\/\/www.foreo.com\/fr\/blog\/#website"},"datePublished":"2021-11-22T11:31:23+00:00","dateModified":"2022-02-01T13:54:18+00:00","breadcrumb":{"@id":"https:\/\/www.foreo.com\/fr\/blog\/contacter-blog-foreo\/#breadcrumb"},"inLanguage":"fr-FR","potentialAction":[{"@type":"ReadAction","target":["https:\/\/www.foreo.com\/fr\/blog\/contacter-blog-foreo\/"]}]},{"@type":"BreadcrumbList","@id":"https:\/\/www.foreo.com\/fr\/blog\/contacter-blog-foreo\/#breadcrumb","itemListElement":[{"@type":"ListItem","position":1,"name":"BLOG","item":"https:\/\/www.foreo.com\/fr\/blog\/"},{"@type":"ListItem","position":2,"name":"Contacter l&rsquo;\u00c9quipe du Blog de FOREO"}]},{"@type":"WebSite","@id":"https:\/\/www.foreo.com\/fr\/blog\/#website","url":"https:\/\/www.foreo.com\/fr\/blog\/","name":"MYSA","description":"Le Blog de FOREO","publisher":{"@id":"https:\/\/www.foreo.com\/fr\/blog\/#organization"},"potentialAction":[{"@type":"SearchAction","target":{"@type":"EntryPoint","urlTemplate":"https:\/\/www.foreo.com\/fr\/blog\/?s={search_term_string}"},"query-input":"required name=search_term_string"}],"inLanguage":"fr-FR"},{"@type":"Organization","@id":"https:\/\/www.foreo.com\/fr\/blog\/#organization","name":"MYSA de FOREO","url":"https:\/\/www.foreo.com\/fr\/blog\/","logo":{"@type":"ImageObject","inLanguage":"fr-FR","@id":"https:\/\/www.foreo.com\/fr\/blog\/#\/schema\/logo\/image\/","url":"https:\/\/www.foreo.com\/fr\/blog\/wp-content\/uploads\/2022\/02\/mysa-logo-w-quote-france-re\u0301seaux-sociaux.jpg","contentUrl":"https:\/\/www.foreo.com\/fr\/blog\/wp-content\/uploads\/2022\/02\/mysa-logo-w-quote-france-re\u0301seaux-sociaux.jpg","width":2500,"height":1312,"caption":"MYSA de FOREO"},"image":{"@id":"https:\/\/www.foreo.com\/fr\/blog\/#\/schema\/logo\/image\/"},"sameAs":["https:\/\/www.facebook.com\/FOREOFrance\/","https:\/\/www.instagram.com\/foreo_france\/","https:\/\/www.youtube.com\/playlist?list=PLvV6UceMUecxDg_AKB3YXDjmkeASETQcw"]}]}},"_links":{"self":[{"href":"https:\/\/www.foreo.com\/fr\/blog\/wp-json\/wp\/v2\/pages\/1370","targetHints":{"allow":["GET"]}}],"collection":[{"href":"https:\/\/www.foreo.com\/fr\/blog\/wp-json\/wp\/v2\/pages"}],"about":[{"href":"https:\/\/www.foreo.com\/fr\/blog\/wp-json\/wp\/v2\/types\/page"}],"author":[{"embeddable":true,"href":"https:\/\/www.foreo.com\/fr\/blog\/wp-json\/wp\/v2\/users\/1"}],"replies":[{"embeddable":true,"href":"https:\/\/www.foreo.com\/fr\/blog\/wp-json\/wp\/v2\/comments?post=1370"}],"version-history":[{"count":4,"href":"https:\/\/www.foreo.com\/fr\/blog\/wp-json\/wp\/v2\/pages\/1370\/revisions"}],"predecessor-version":[{"id":1647,"href":"https:\/\/www.foreo.com\/fr\/blog\/wp-json\/wp\/v2\/pages\/1370\/revisions\/1647"}],"wp:attachment":[{"href":"https:\/\/www.foreo.com\/fr\/blog\/wp-json\/wp\/v2\/media?parent=1370"}],"curies":[{"name":"wp","href":"https:\/\/api.w.org\/{rel}","templated":true}]}}